{"id":67197,"date":"2026-04-16T17:34:43","date_gmt":"2026-04-16T17:34:43","guid":{"rendered":"https:\/\/pacifictradinghousebd.com\/?page_id=67197"},"modified":"2026-04-16T17:34:43","modified_gmt":"2026-04-16T17:34:43","slug":"poczuj-autentyczne-emocje-gry-na-zywo-gdzie-dzieki-platformie-ggbet-mozesz-rywalizowac-z-prawdziwymi-krupierami-w-czasie-rzeczywistym-i-czerpac-adrenaline-prosto-z-serca-kasyna","status":"publish","type":"page","link":"https:\/\/pacifictradinghousebd.com\/index.php\/poczuj-autentyczne-emocje-gry-na-zywo-gdzie-dzieki-platformie-ggbet-mozesz-rywalizowac-z-prawdziwymi-krupierami-w-czasie-rzeczywistym-i-czerpac-adrenaline-prosto-z-serca-kasyna\/","title":{"rendered":"<div style=\"position: absolute; left: -7566px;\"><p>Poczuj autentyczne emocje gry na \u017cywo, gdzie dzi\u0119ki platformie <a href=\"https:\/\/play.google.com\/store\/apps\/details?id=rush.ggbet.gold.game&#038;gl=pl&#038;hl=pl\">ggbet<\/a> mo\u017cesz rywalizowa\u0107 z prawdziwymi krupierami w czasie rzeczywistym i czerpa\u0107 adrenalin\u0119 prosto z serca kasyna.<\/p><\/div>"},"content":{"rendered":"","protected":false},"excerpt":{"rendered":"","protected":false},"author":15,"featured_media":0,"parent":0,"menu_order":0,"comment_status":"closed","ping_status":"closed","template":"","meta":{"site-sidebar-layout":"default","site-content-layout":"","ast-site-content-layout":"default","site-content-style":"default","site-sidebar-style":"default","ast-global-header-display":"","ast-banner-title-visibility":"","ast-main-header-display":"","ast-hfb-above-header-display":"","ast-hfb-below-header-display":"","ast-hfb-mobile-header-display":"","site-post-title":"","ast-breadcrumbs-content":"","ast-featured-img":"","footer-sml-layout":"","ast-disable-related-posts":"","theme-transparent-header-meta":"","adv-header-id-meta":"","stick-header-meta":"","header-above-stick-meta":"","header-main-stick-meta":"","header-below-stick-meta":"","astra-migrate-meta-layouts":"default","ast-page-background-enabled":"default","ast-page-background-meta":{"desktop":{"background-color":"","background-image":"","background-repeat":"repeat","background-position":"center center","background-size":"auto","background-attachment":"scroll","background-type":"","background-media":"","overlay-type":"","overlay-color":"","overlay-opacity":"","overlay-gradient":""},"tablet":{"background-color":"","background-image":"","background-repeat":"repeat","background-position":"center center","background-size":"auto","background-attachment":"scroll","background-type":"","background-media":"","overlay-type":"","overlay-color":"","overlay-opacity":"","overlay-gradient":""},"mobile":{"background-color":"","background-image":"","background-repeat":"repeat","background-position":"center center","background-size":"auto","background-attachment":"scroll","background-type":"","background-media":"","overlay-type":"","overlay-color":"","overlay-opacity":"","overlay-gradient":""}},"ast-content-background-meta":{"desktop":{"background-color":"var(--ast-global-color-5)","background-image":"","background-repeat":"repeat","background-position":"center center","background-size":"auto","background-attachment":"scroll","background-type":"","background-media":"","overlay-type":"","overlay-color":"","overlay-opacity":"","overlay-gradient":""},"tablet":{"background-color":"var(--ast-global-color-5)","background-image":"","background-repeat":"repeat","background-position":"center center","background-size":"auto","background-attachment":"scroll","background-type":"","background-media":"","overlay-type":"","overlay-color":"","overlay-opacity":"","overlay-gradient":""},"mobile":{"background-color":"var(--ast-global-color-5)","background-image":"","background-repeat":"repeat","background-position":"center center","background-size":"auto","background-attachment":"scroll","background-type":"","background-media":"","overlay-type":"","overlay-color":"","overlay-opacity":"","overlay-gradient":""}},"footnotes":""},"class_list":["post-67197","page","type-page","status-publish","hentry"],"_links":{"self":[{"href":"https:\/\/pacifictradinghousebd.com\/index.php\/wp-json\/wp\/v2\/pages\/67197","targetHints":{"allow":["GET"]}}],"collection":[{"href":"https:\/\/pacifictradinghousebd.com\/index.php\/wp-json\/wp\/v2\/pages"}],"about":[{"href":"https:\/\/pacifictradinghousebd.com\/index.php\/wp-json\/wp\/v2\/types\/page"}],"author":[{"embeddable":true,"href":"https:\/\/pacifictradinghousebd.com\/index.php\/wp-json\/wp\/v2\/users\/15"}],"replies":[{"embeddable":true,"href":"https:\/\/pacifictradinghousebd.com\/index.php\/wp-json\/wp\/v2\/comments?post=67197"}],"version-history":[{"count":1,"href":"https:\/\/pacifictradinghousebd.com\/index.php\/wp-json\/wp\/v2\/pages\/67197\/revisions"}],"predecessor-version":[{"id":67199,"href":"https:\/\/pacifictradinghousebd.com\/index.php\/wp-json\/wp\/v2\/pages\/67197\/revisions\/67199"}],"wp:attachment":[{"href":"https:\/\/pacifictradinghousebd.com\/index.php\/wp-json\/wp\/v2\/media?parent=67197"}],"curies":[{"name":"wp","href":"https:\/\/api.w.org\/{rel}","templated":true}]}}