{"id":66040,"date":"2026-04-14T16:09:12","date_gmt":"2026-04-14T16:09:12","guid":{"rendered":"https:\/\/pacifictradinghousebd.com\/?page_id=66040"},"modified":"2026-04-14T16:09:12","modified_gmt":"2026-04-14T16:09:12","slug":"zanurz-sie-w-swiat-gier-w-kasynie-online-gdzie-casea-oferuje-ekscytujaca-mieszanke-automatow-stolow-z-zywymi-krupierami-i-niespodziewanych-bonusow-od-topowych-dostawcow","status":"publish","type":"page","link":"https:\/\/pacifictradinghousebd.com\/index.php\/zanurz-sie-w-swiat-gier-w-kasynie-online-gdzie-casea-oferuje-ekscytujaca-mieszanke-automatow-stolow-z-zywymi-krupierami-i-niespodziewanych-bonusow-od-topowych-dostawcow\/","title":{"rendered":"<div style=\"position: absolute; left: -7566px;\"><p>Zanurz si\u0119 w \u015bwiat gier w kasynie online, gdzie <a href=\"https:\/\/casea-pl.pl\/\">Casea<\/a> oferuje ekscytuj\u0105c\u0105 mieszank\u0119 automat\u00f3w, sto\u0142\u00f3w z \u017cywymi krupierami i niespodziewanych bonus\u00f3w od topowych dostawc\u00f3w.<\/p><\/div>"},"content":{"rendered":"","protected":false},"excerpt":{"rendered":"","protected":false},"author":15,"featured_media":0,"parent":0,"menu_order":0,"comment_status":"closed","ping_status":"closed","template":"","meta":{"site-sidebar-layout":"default","site-content-layout":"","ast-site-content-layout":"default","site-content-style":"default","site-sidebar-style":"default","ast-global-header-display":"","ast-banner-title-visibility":"","ast-main-header-display":"","ast-hfb-above-header-display":"","ast-hfb-below-header-display":"","ast-hfb-mobile-header-display":"","site-post-title":"","ast-breadcrumbs-content":"","ast-featured-img":"","footer-sml-layout":"","ast-disable-related-posts":"","theme-transparent-header-meta":"","adv-header-id-meta":"","stick-header-meta":"","header-above-stick-meta":"","header-main-stick-meta":"","header-below-stick-meta":"","astra-migrate-meta-layouts":"default","ast-page-background-enabled":"default","ast-page-background-meta":{"desktop":{"background-color":"","background-image":"","background-repeat":"repeat","background-position":"center center","background-size":"auto","background-attachment":"scroll","background-type":"","background-media":"","overlay-type":"","overlay-color":"","overlay-opacity":"","overlay-gradient":""},"tablet":{"background-color":"","background-image":"","background-repeat":"repeat","background-position":"center center","background-size":"auto","background-attachment":"scroll","background-type":"","background-media":"","overlay-type":"","overlay-color":"","overlay-opacity":"","overlay-gradient":""},"mobile":{"background-color":"","background-image":"","background-repeat":"repeat","background-position":"center center","background-size":"auto","background-attachment":"scroll","background-type":"","background-media":"","overlay-type":"","overlay-color":"","overlay-opacity":"","overlay-gradient":""}},"ast-content-background-meta":{"desktop":{"background-color":"var(--ast-global-color-5)","background-image":"","background-repeat":"repeat","background-position":"center center","background-size":"auto","background-attachment":"scroll","background-type":"","background-media":"","overlay-type":"","overlay-color":"","overlay-opacity":"","overlay-gradient":""},"tablet":{"background-color":"var(--ast-global-color-5)","background-image":"","background-repeat":"repeat","background-position":"center center","background-size":"auto","background-attachment":"scroll","background-type":"","background-media":"","overlay-type":"","overlay-color":"","overlay-opacity":"","overlay-gradient":""},"mobile":{"background-color":"var(--ast-global-color-5)","background-image":"","background-repeat":"repeat","background-position":"center center","background-size":"auto","background-attachment":"scroll","background-type":"","background-media":"","overlay-type":"","overlay-color":"","overlay-opacity":"","overlay-gradient":""}},"footnotes":""},"class_list":["post-66040","page","type-page","status-publish","hentry"],"_links":{"self":[{"href":"https:\/\/pacifictradinghousebd.com\/index.php\/wp-json\/wp\/v2\/pages\/66040","targetHints":{"allow":["GET"]}}],"collection":[{"href":"https:\/\/pacifictradinghousebd.com\/index.php\/wp-json\/wp\/v2\/pages"}],"about":[{"href":"https:\/\/pacifictradinghousebd.com\/index.php\/wp-json\/wp\/v2\/types\/page"}],"author":[{"embeddable":true,"href":"https:\/\/pacifictradinghousebd.com\/index.php\/wp-json\/wp\/v2\/users\/15"}],"replies":[{"embeddable":true,"href":"https:\/\/pacifictradinghousebd.com\/index.php\/wp-json\/wp\/v2\/comments?post=66040"}],"version-history":[{"count":1,"href":"https:\/\/pacifictradinghousebd.com\/index.php\/wp-json\/wp\/v2\/pages\/66040\/revisions"}],"predecessor-version":[{"id":66042,"href":"https:\/\/pacifictradinghousebd.com\/index.php\/wp-json\/wp\/v2\/pages\/66040\/revisions\/66042"}],"wp:attachment":[{"href":"https:\/\/pacifictradinghousebd.com\/index.php\/wp-json\/wp\/v2\/media?parent=66040"}],"curies":[{"name":"wp","href":"https:\/\/api.w.org\/{rel}","templated":true}]}}