{"id":64016,"date":"2026-04-09T11:21:34","date_gmt":"2026-04-09T11:21:34","guid":{"rendered":"https:\/\/pacifictradinghousebd.com\/?page_id=64016"},"modified":"2026-04-09T11:21:34","modified_gmt":"2026-04-09T11:21:34","slug":"zagraj-w-ulubione-gry-kasynowe-z-dowolnego-miejsca-na-swoim-smartfonie-lub-tablecie-gdzie-nv-casino-zapewnia-najwyzszy-poziom-bezpieczenstwa-i-niezawodnosci-podczas-rozgrywki","status":"publish","type":"page","link":"https:\/\/pacifictradinghousebd.com\/index.php\/zagraj-w-ulubione-gry-kasynowe-z-dowolnego-miejsca-na-swoim-smartfonie-lub-tablecie-gdzie-nv-casino-zapewnia-najwyzszy-poziom-bezpieczenstwa-i-niezawodnosci-podczas-rozgrywki\/","title":{"rendered":"<div style=\"position: absolute; left: -7566px;\"><p>Zagraj w ulubione gry kasynowe z dowolnego miejsca na swoim smartfonie lub tablecie, gdzie <a href=\"https:\/\/yogadog.pl\/\">nv casino<\/a> zapewnia najwy\u017cszy poziom bezpiecze\u0144stwa i niezawodno\u015bci podczas rozgrywki.<\/p><\/div>"},"content":{"rendered":"","protected":false},"excerpt":{"rendered":"","protected":false},"author":15,"featured_media":0,"parent":0,"menu_order":0,"comment_status":"closed","ping_status":"closed","template":"","meta":{"site-sidebar-layout":"default","site-content-layout":"","ast-site-content-layout":"default","site-content-style":"default","site-sidebar-style":"default","ast-global-header-display":"","ast-banner-title-visibility":"","ast-main-header-display":"","ast-hfb-above-header-display":"","ast-hfb-below-header-display":"","ast-hfb-mobile-header-display":"","site-post-title":"","ast-breadcrumbs-content":"","ast-featured-img":"","footer-sml-layout":"","ast-disable-related-posts":"","theme-transparent-header-meta":"","adv-header-id-meta":"","stick-header-meta":"","header-above-stick-meta":"","header-main-stick-meta":"","header-below-stick-meta":"","astra-migrate-meta-layouts":"default","ast-page-background-enabled":"default","ast-page-background-meta":{"desktop":{"background-color":"","background-image":"","background-repeat":"repeat","background-position":"center center","background-size":"auto","background-attachment":"scroll","background-type":"","background-media":"","overlay-type":"","overlay-color":"","overlay-opacity":"","overlay-gradient":""},"tablet":{"background-color":"","background-image":"","background-repeat":"repeat","background-position":"center center","background-size":"auto","background-attachment":"scroll","background-type":"","background-media":"","overlay-type":"","overlay-color":"","overlay-opacity":"","overlay-gradient":""},"mobile":{"background-color":"","background-image":"","background-repeat":"repeat","background-position":"center center","background-size":"auto","background-attachment":"scroll","background-type":"","background-media":"","overlay-type":"","overlay-color":"","overlay-opacity":"","overlay-gradient":""}},"ast-content-background-meta":{"desktop":{"background-color":"var(--ast-global-color-5)","background-image":"","background-repeat":"repeat","background-position":"center center","background-size":"auto","background-attachment":"scroll","background-type":"","background-media":"","overlay-type":"","overlay-color":"","overlay-opacity":"","overlay-gradient":""},"tablet":{"background-color":"var(--ast-global-color-5)","background-image":"","background-repeat":"repeat","background-position":"center center","background-size":"auto","background-attachment":"scroll","background-type":"","background-media":"","overlay-type":"","overlay-color":"","overlay-opacity":"","overlay-gradient":""},"mobile":{"background-color":"var(--ast-global-color-5)","background-image":"","background-repeat":"repeat","background-position":"center center","background-size":"auto","background-attachment":"scroll","background-type":"","background-media":"","overlay-type":"","overlay-color":"","overlay-opacity":"","overlay-gradient":""}},"footnotes":""},"class_list":["post-64016","page","type-page","status-publish","hentry"],"_links":{"self":[{"href":"https:\/\/pacifictradinghousebd.com\/index.php\/wp-json\/wp\/v2\/pages\/64016","targetHints":{"allow":["GET"]}}],"collection":[{"href":"https:\/\/pacifictradinghousebd.com\/index.php\/wp-json\/wp\/v2\/pages"}],"about":[{"href":"https:\/\/pacifictradinghousebd.com\/index.php\/wp-json\/wp\/v2\/types\/page"}],"author":[{"embeddable":true,"href":"https:\/\/pacifictradinghousebd.com\/index.php\/wp-json\/wp\/v2\/users\/15"}],"replies":[{"embeddable":true,"href":"https:\/\/pacifictradinghousebd.com\/index.php\/wp-json\/wp\/v2\/comments?post=64016"}],"version-history":[{"count":1,"href":"https:\/\/pacifictradinghousebd.com\/index.php\/wp-json\/wp\/v2\/pages\/64016\/revisions"}],"predecessor-version":[{"id":64018,"href":"https:\/\/pacifictradinghousebd.com\/index.php\/wp-json\/wp\/v2\/pages\/64016\/revisions\/64018"}],"wp:attachment":[{"href":"https:\/\/pacifictradinghousebd.com\/index.php\/wp-json\/wp\/v2\/media?parent=64016"}],"curies":[{"name":"wp","href":"https:\/\/api.w.org\/{rel}","templated":true}]}}